{"id":727,"date":"2025-07-22T16:49:25","date_gmt":"2025-07-22T14:49:25","guid":{"rendered":"https:\/\/tandem-montcalm.com\/fr\/?page_id=727"},"modified":"2025-07-22T18:34:33","modified_gmt":"2025-07-22T16:34:33","slug":"mentions-legales","status":"publish","type":"page","link":"https:\/\/tandem-montcalm.com\/fr\/mentions-legales\/","title":{"rendered":"Mentions l\u00e9gales"},"content":{"rendered":"\n<div class=\"wp-block-group alignfull has-global-padding is-layout-constrained wp-container-core-group-is-layout-c7852d5a wp-block-group-is-layout-constrained\" style=\"padding-top:var(--wp--preset--spacing--80);padding-right:var(--wp--preset--spacing--80);padding-bottom:var(--wp--preset--spacing--80);padding-left:var(--wp--preset--spacing--80)\">\n<h2 class=\"wp-block-heading has-text-align-center\">Mentions l\u00e9gales<\/h2>\n\n\n\n<p>Conform\u00e9ment aux dispositions de la loi n\u00b0 2004-575 du 21 juin 2004 pour la confiance en l&rsquo;\u00e9conomie num\u00e9rique, il est pr\u00e9cis\u00e9 aux utilisateurs du site Tandem-Montcalm l&rsquo;identit\u00e9 des diff\u00e9rents intervenants dans le cadre de sa r\u00e9alisation et de son suivi.<\/p>\n\n\n\n<div class=\"wp-block-group has-global-padding is-layout-constrained wp-container-core-group-is-layout-3e05dfaf wp-block-group-is-layout-constrained\" style=\"padding-top:0;padding-bottom:0\">\n<h4 class=\"wp-block-heading has-custom-secondaire-color has-text-color has-link-color wp-elements-e212c9d947765cf69c802a23c8cd16d9\"><strong>Edition du site<\/strong><\/h4>\n\n\n\n<div class=\"wp-block-group has-global-padding is-layout-constrained wp-container-core-group-is-layout-11c9e614 wp-block-group-is-layout-constrained\" style=\"padding-left:var(--wp--preset--spacing--50)\">\n<p>Le pr\u00e9sent site, accessible \u00e0 l\u2019URL https:\/\/www.tandem-montcalm.com\/fr (le \u00ab Site \u00bb), est \u00e9dit\u00e9 par :<\/p>\n\n\n\n<p style=\"padding-left:0\">TANDEM, soci\u00e9t\u00e9 au capital de 10000 euros, inscrite au R.C.S. de FOIX sous le num\u00e9ro RCS FOIX 924 785 231, dont le si\u00e8ge social est situ\u00e9 au 2 route de Montr\u00e9al de Sos 09220 Val-De-Sos, repr\u00e9sent\u00e9(e) par DENIS CASTANIE d\u00fbment habilit\u00e9(e)<\/p>\n\n\n\n<p style=\"padding-left:0\">Le num\u00e9ro individuel TVA de l\u2019\u00e9diteur est : FR 20 924785231.<\/p>\n<\/div>\n\n\n\n<h4 class=\"wp-block-heading has-custom-secondaire-color has-text-color has-link-color wp-elements-4f16b69b98c624d884c0bd555ba7646e\"><strong>H\u00e9bergement<\/strong><\/h4>\n\n\n\n<div class=\"wp-block-group has-global-padding is-layout-constrained wp-container-core-group-is-layout-6de5236a wp-block-group-is-layout-constrained\" style=\"padding-right:0;padding-left:var(--wp--preset--spacing--50)\">\n<p>Le Site est h\u00e9berg\u00e9 par la soci\u00e9t\u00e9 OVH SAS, situ\u00e9 2 rue Kellermann &#8211; BP 80157 &#8211; 59053 Roubaix Cedex 1, (contact t\u00e9l\u00e9phonique ou email : 1007).<\/p>\n<\/div>\n\n\n\n<h4 class=\"wp-block-heading has-custom-secondaire-color has-text-color has-link-color wp-elements-40cc5685381b38578aaad7347bfb81fc\"><strong><strong>Directeur de publication<\/strong><\/strong><\/h4>\n\n\n\n<div class=\"wp-block-group has-global-padding is-layout-constrained wp-container-core-group-is-layout-6de5236a wp-block-group-is-layout-constrained\" style=\"padding-right:0;padding-left:var(--wp--preset--spacing--50)\">\n<p>Le Directeur de la publication du Site est DENIS CASTANIE .<\/p>\n<\/div>\n\n\n\n<h4 class=\"wp-block-heading has-custom-secondaire-color has-text-color has-link-color wp-elements-e04220b30f2f04045090ebea6c656123\"><strong><strong>Nous contacter<\/strong><\/strong><\/h4>\n\n\n\n<div class=\"wp-block-group has-global-padding is-layout-constrained wp-container-core-group-is-layout-6de5236a wp-block-group-is-layout-constrained\" style=\"padding-right:0;padding-left:var(--wp--preset--spacing--50)\">\n<ul style=\"line-height:1.5\" class=\"wp-block-list\">\n<li>Par t\u00e9l\u00e9phone&nbsp;: <a href=\"tel:33561010540\">+33561010540<\/a><\/li>\n\n\n\n<li>Par email&nbsp;: <a href=\"mailto:contact@tandem-montcalm.com\">contact@tandem-montcalm.com<\/a><\/li>\n\n\n\n<li>Par courrier&nbsp;: <a href=\"https:\/\/maps.app.goo.gl\/Pv4G8EhiM2Rb1hoJ7\" target=\"_blank\" rel=\"noreferrer noopener\">2 route de Montr\u00e9al de Sos 09220 Val-De-Sos<\/a><\/li>\n<\/ul>\n<\/div>\n<\/div>\n\n\n\n<p>G\u00e9n\u00e9ration des mentions l\u00e9gales par <a href=\"https:\/\/www.legalstart.fr\/\" target=\"_blank\" rel=\"noreferrer noopener nofollow\">Legalstart<\/a>.<\/p>\n<\/div>\n","protected":false},"excerpt":{"rendered":"<p>Mentions l\u00e9gales Conform\u00e9ment aux dispositions de la loi n\u00b0 2004-575 du 21 juin 2004 pour la confiance en l&rsquo;\u00e9conomie num\u00e9rique, il est pr\u00e9cis\u00e9 aux utilisateurs du site Tandem-Montcalm l&rsquo;identit\u00e9 des diff\u00e9rents intervenants dans le cadre de sa r\u00e9alisation et de son suivi. Edition du site Le pr\u00e9sent site, accessible \u00e0 l\u2019URL https:\/\/www.tandem-montcalm.com\/fr (le \u00ab Site [&hellip;]<\/p>\n","protected":false},"author":1,"featured_media":0,"parent":0,"menu_order":0,"comment_status":"closed","ping_status":"closed","template":"","meta":{"_kad_blocks_custom_css":"","_kad_blocks_head_custom_js":"","_kad_blocks_body_custom_js":"","_kad_blocks_footer_custom_js":"","footnotes":""},"class_list":["post-727","page","type-page","status-publish","hentry"],"yoast_head":"<!-- This site is optimized with the Yoast SEO plugin v26.3 - https:\/\/yoast.com\/wordpress\/plugins\/seo\/ -->\n<title>Mentions l\u00e9gales - Tandem-Montcalm<\/title>\n<meta name=\"robots\" content=\"index, follow, max-snippet:-1, max-image-preview:large, max-video-preview:-1\" \/>\n<link rel=\"canonical\" href=\"https:\/\/tandem-montcalm.com\/fr\/mentions-legales\/\" \/>\n<meta property=\"og:locale\" content=\"fr_FR\" \/>\n<meta property=\"og:type\" content=\"article\" \/>\n<meta property=\"og:title\" content=\"Mentions l\u00e9gales - Tandem-Montcalm\" \/>\n<meta property=\"og:description\" content=\"Mentions l\u00e9gales Conform\u00e9ment aux dispositions de la loi n\u00b0 2004-575 du 21 juin 2004 pour la confiance en l&rsquo;\u00e9conomie num\u00e9rique, il est pr\u00e9cis\u00e9 aux utilisateurs du site Tandem-Montcalm l&rsquo;identit\u00e9 des diff\u00e9rents intervenants dans le cadre de sa r\u00e9alisation et de son suivi. Edition du site Le pr\u00e9sent site, accessible \u00e0 l\u2019URL https:\/\/www.tandem-montcalm.com\/fr (le \u00ab Site [&hellip;]\" \/>\n<meta property=\"og:url\" content=\"https:\/\/tandem-montcalm.com\/fr\/mentions-legales\/\" \/>\n<meta property=\"og:site_name\" content=\"Tandem-Montcalm\" \/>\n<meta property=\"article:modified_time\" content=\"2025-07-22T16:34:33+00:00\" \/>\n<meta name=\"twitter:card\" content=\"summary_large_image\" \/>\n<meta name=\"twitter:label1\" content=\"Dur\u00e9e de lecture estim\u00e9e\" \/>\n\t<meta name=\"twitter:data1\" content=\"1 minute\" \/>\n<script type=\"application\/ld+json\" class=\"yoast-schema-graph\">{\"@context\":\"https:\/\/schema.org\",\"@graph\":[{\"@type\":\"WebPage\",\"@id\":\"https:\/\/tandem-montcalm.com\/fr\/mentions-legales\/\",\"url\":\"https:\/\/tandem-montcalm.com\/fr\/mentions-legales\/\",\"name\":\"Mentions l\u00e9gales - Tandem-Montcalm\",\"isPartOf\":{\"@id\":\"https:\/\/tandem-montcalm.com\/fr\/#website\"},\"datePublished\":\"2025-07-22T14:49:25+00:00\",\"dateModified\":\"2025-07-22T16:34:33+00:00\",\"breadcrumb\":{\"@id\":\"https:\/\/tandem-montcalm.com\/fr\/mentions-legales\/#breadcrumb\"},\"inLanguage\":\"fr-FR\",\"potentialAction\":[{\"@type\":\"ReadAction\",\"target\":[\"https:\/\/tandem-montcalm.com\/fr\/mentions-legales\/\"]}]},{\"@type\":\"BreadcrumbList\",\"@id\":\"https:\/\/tandem-montcalm.com\/fr\/mentions-legales\/#breadcrumb\",\"itemListElement\":[{\"@type\":\"ListItem\",\"position\":1,\"name\":\"Accueil\",\"item\":\"https:\/\/tandem-montcalm.com\/fr\/\"},{\"@type\":\"ListItem\",\"position\":2,\"name\":\"Mentions l\u00e9gales\"}]},{\"@type\":\"WebSite\",\"@id\":\"https:\/\/tandem-montcalm.com\/fr\/#website\",\"url\":\"https:\/\/tandem-montcalm.com\/fr\/\",\"name\":\"Tandem-Montcalm\",\"description\":\"Tandem-Montcalm | H\u00f4tel &amp; Restaurant\",\"publisher\":{\"@id\":\"https:\/\/tandem-montcalm.com\/fr\/#organization\"},\"potentialAction\":[{\"@type\":\"SearchAction\",\"target\":{\"@type\":\"EntryPoint\",\"urlTemplate\":\"https:\/\/tandem-montcalm.com\/fr\/?s={search_term_string}\"},\"query-input\":{\"@type\":\"PropertyValueSpecification\",\"valueRequired\":true,\"valueName\":\"search_term_string\"}}],\"inLanguage\":\"fr-FR\"},{\"@type\":\"Organization\",\"@id\":\"https:\/\/tandem-montcalm.com\/fr\/#organization\",\"name\":\"Tandem-Montcalm\",\"url\":\"https:\/\/tandem-montcalm.com\/fr\/\",\"logo\":{\"@type\":\"ImageObject\",\"inLanguage\":\"fr-FR\",\"@id\":\"https:\/\/tandem-montcalm.com\/fr\/#\/schema\/logo\/image\/\",\"url\":\"https:\/\/tandem-montcalm.com\/fr\/wp-content\/uploads\/sites\/2\/2025\/05\/logo-tandem-blanc-sans-fond.png\",\"contentUrl\":\"https:\/\/tandem-montcalm.com\/fr\/wp-content\/uploads\/sites\/2\/2025\/05\/logo-tandem-blanc-sans-fond.png\",\"width\":650,\"height\":247,\"caption\":\"Tandem-Montcalm\"},\"image\":{\"@id\":\"https:\/\/tandem-montcalm.com\/fr\/#\/schema\/logo\/image\/\"}}]}<\/script>\n<!-- \/ Yoast SEO plugin. -->","yoast_head_json":{"title":"Mentions l\u00e9gales - Tandem-Montcalm","robots":{"index":"index","follow":"follow","max-snippet":"max-snippet:-1","max-image-preview":"max-image-preview:large","max-video-preview":"max-video-preview:-1"},"canonical":"https:\/\/tandem-montcalm.com\/fr\/mentions-legales\/","og_locale":"fr_FR","og_type":"article","og_title":"Mentions l\u00e9gales - Tandem-Montcalm","og_description":"Mentions l\u00e9gales Conform\u00e9ment aux dispositions de la loi n\u00b0 2004-575 du 21 juin 2004 pour la confiance en l&rsquo;\u00e9conomie num\u00e9rique, il est pr\u00e9cis\u00e9 aux utilisateurs du site Tandem-Montcalm l&rsquo;identit\u00e9 des diff\u00e9rents intervenants dans le cadre de sa r\u00e9alisation et de son suivi. Edition du site Le pr\u00e9sent site, accessible \u00e0 l\u2019URL https:\/\/www.tandem-montcalm.com\/fr (le \u00ab Site [&hellip;]","og_url":"https:\/\/tandem-montcalm.com\/fr\/mentions-legales\/","og_site_name":"Tandem-Montcalm","article_modified_time":"2025-07-22T16:34:33+00:00","twitter_card":"summary_large_image","twitter_misc":{"Dur\u00e9e de lecture estim\u00e9e":"1 minute"},"schema":{"@context":"https:\/\/schema.org","@graph":[{"@type":"WebPage","@id":"https:\/\/tandem-montcalm.com\/fr\/mentions-legales\/","url":"https:\/\/tandem-montcalm.com\/fr\/mentions-legales\/","name":"Mentions l\u00e9gales - Tandem-Montcalm","isPartOf":{"@id":"https:\/\/tandem-montcalm.com\/fr\/#website"},"datePublished":"2025-07-22T14:49:25+00:00","dateModified":"2025-07-22T16:34:33+00:00","breadcrumb":{"@id":"https:\/\/tandem-montcalm.com\/fr\/mentions-legales\/#breadcrumb"},"inLanguage":"fr-FR","potentialAction":[{"@type":"ReadAction","target":["https:\/\/tandem-montcalm.com\/fr\/mentions-legales\/"]}]},{"@type":"BreadcrumbList","@id":"https:\/\/tandem-montcalm.com\/fr\/mentions-legales\/#breadcrumb","itemListElement":[{"@type":"ListItem","position":1,"name":"Accueil","item":"https:\/\/tandem-montcalm.com\/fr\/"},{"@type":"ListItem","position":2,"name":"Mentions l\u00e9gales"}]},{"@type":"WebSite","@id":"https:\/\/tandem-montcalm.com\/fr\/#website","url":"https:\/\/tandem-montcalm.com\/fr\/","name":"Tandem-Montcalm","description":"Tandem-Montcalm | H\u00f4tel &amp; Restaurant","publisher":{"@id":"https:\/\/tandem-montcalm.com\/fr\/#organization"},"potentialAction":[{"@type":"SearchAction","target":{"@type":"EntryPoint","urlTemplate":"https:\/\/tandem-montcalm.com\/fr\/?s={search_term_string}"},"query-input":{"@type":"PropertyValueSpecification","valueRequired":true,"valueName":"search_term_string"}}],"inLanguage":"fr-FR"},{"@type":"Organization","@id":"https:\/\/tandem-montcalm.com\/fr\/#organization","name":"Tandem-Montcalm","url":"https:\/\/tandem-montcalm.com\/fr\/","logo":{"@type":"ImageObject","inLanguage":"fr-FR","@id":"https:\/\/tandem-montcalm.com\/fr\/#\/schema\/logo\/image\/","url":"https:\/\/tandem-montcalm.com\/fr\/wp-content\/uploads\/sites\/2\/2025\/05\/logo-tandem-blanc-sans-fond.png","contentUrl":"https:\/\/tandem-montcalm.com\/fr\/wp-content\/uploads\/sites\/2\/2025\/05\/logo-tandem-blanc-sans-fond.png","width":650,"height":247,"caption":"Tandem-Montcalm"},"image":{"@id":"https:\/\/tandem-montcalm.com\/fr\/#\/schema\/logo\/image\/"}}]}},"taxonomy_info":[],"featured_image_src_large":false,"author_info":{"display_name":"root","author_link":"https:\/\/tandem-montcalm.com\/fr\/author\/root\/"},"comment_info":0,"_links":{"self":[{"href":"https:\/\/tandem-montcalm.com\/fr\/wp-json\/wp\/v2\/pages\/727","targetHints":{"allow":["GET"]}}],"collection":[{"href":"https:\/\/tandem-montcalm.com\/fr\/wp-json\/wp\/v2\/pages"}],"about":[{"href":"https:\/\/tandem-montcalm.com\/fr\/wp-json\/wp\/v2\/types\/page"}],"author":[{"embeddable":true,"href":"https:\/\/tandem-montcalm.com\/fr\/wp-json\/wp\/v2\/users\/1"}],"replies":[{"embeddable":true,"href":"https:\/\/tandem-montcalm.com\/fr\/wp-json\/wp\/v2\/comments?post=727"}],"version-history":[{"count":3,"href":"https:\/\/tandem-montcalm.com\/fr\/wp-json\/wp\/v2\/pages\/727\/revisions"}],"predecessor-version":[{"id":766,"href":"https:\/\/tandem-montcalm.com\/fr\/wp-json\/wp\/v2\/pages\/727\/revisions\/766"}],"wp:attachment":[{"href":"https:\/\/tandem-montcalm.com\/fr\/wp-json\/wp\/v2\/media?parent=727"}],"curies":[{"name":"wp","href":"https:\/\/api.w.org\/{rel}","templated":true}]}}