{"id":54,"date":"2025-05-28T17:26:21","date_gmt":"2025-05-28T15:26:21","guid":{"rendered":"http:\/\/tandem-montcalm.com\/fr\/?page_id=54"},"modified":"2025-11-07T12:11:39","modified_gmt":"2025-11-07T11:11:39","slug":"restaurant","status":"publish","type":"page","link":"https:\/\/tandem-montcalm.com\/fr\/restaurant\/","title":{"rendered":"Restaurant"},"content":{"rendered":"\n<div class=\"wp-block-group alignfull animated fadeIn has-global-padding is-layout-constrained wp-block-group-is-layout-constrained has-background\" style=\"min-height:60vh;background-image:url(&#039;https:\/\/tandem-montcalm.com\/fr\/wp-content\/uploads\/sites\/2\/2025\/06\/restaurant-banniere.jpg&#039;);background-position:48% 50%;background-size:cover;\"><\/div>\n\n\n\n<div class=\"wp-block-group alignfull responsive-padding-fix animated fadeIn delay-500ms has-custom-terciaire-color has-text-color has-background has-link-color wp-elements-33b10a12bfef01bf572d6da3ea455d4f is-vertical is-content-justification-stretch is-layout-flex wp-container-core-group-is-layout-c6414b18 wp-block-group-is-layout-flex\" style=\"background:linear-gradient(90deg,rgb(248,248,243) 67%,rgb(255,255,255) 67%);padding-top:var(--wp--preset--spacing--80);padding-right:var(--wp--preset--spacing--80);padding-bottom:var(--wp--preset--spacing--80);padding-left:var(--wp--preset--spacing--80)\">\n<div class=\"wp-block-group is-vertical is-content-justification-stretch is-layout-flex wp-container-core-group-is-layout-0111e8f6 wp-block-group-is-layout-flex\">\n<h2 class=\"wp-block-heading has-custom-secondaire-color has-text-color has-link-color wp-elements-2c34d165a519bb754f78393a6e39ddfd\">Le restaurant<\/h2>\n\n\n\n<div class=\"wp-block-group is-vertical is-layout-flex wp-container-core-group-is-layout-fbcdff33 wp-block-group-is-layout-flex\" style=\"padding-top:0;padding-bottom:0\">\n<p class=\"has-text-align-center has-custom-texte-sombre-color has-text-color has-link-color wp-elements-f76292aaa788688908dd65caa4c0fc69\">\u00c0 Val-de-Sos, notre restaurant vous accueille dans un cadre naturel apaisant, entre montagne et ruisseau, sur une terrasse ombrag\u00e9e par la vigne ou dans une salle chaleureuse anim\u00e9e par le feu de bois en hiver. Ici, la cuisine s\u2019ancre dans le terroir ari\u00e9geois, avec des produits frais, de saison, travaill\u00e9s chaque jour dans le respect du go\u00fbt et de la simplicit\u00e9.<\/p>\n\n\n\n<p class=\"has-text-align-center has-custom-texte-sombre-color has-text-color has-link-color wp-elements-d1cef9c51ac3ec9e9efd20a6aed13e50\">Aux commandes de l\u2019\u00e9tablissement, Aline et Denis vous re\u00e7oivent avec g\u00e9n\u00e9rosit\u00e9 et authenticit\u00e9. Leur complicit\u00e9 donne vie \u00e0 un lieu convivial, o\u00f9 l\u2019on se sent rapidement chez soi. Aline met sa sensibilit\u00e9 culinaire au service d\u2019une cuisine maison, inspir\u00e9e de son parcours et de son attachement aux saveurs locales. Denis, en salle, met son exp\u00e9rience et son attention au service d\u2019un accueil soign\u00e9<\/p>\n<\/div>\n\n\n\n<div class=\"wp-block-group is-content-justification-center is-nowrap is-layout-flex wp-container-core-group-is-layout-08a7fab8 wp-block-group-is-layout-flex\" style=\"padding-top:var(--wp--preset--spacing--80);padding-bottom:var(--wp--preset--spacing--80)\">\n<div class=\"wp-block-group has-global-padding is-layout-constrained wp-container-core-group-is-layout-7db9d80f wp-block-group-is-layout-constrained\" style=\"padding-right:0;padding-left:0\">\n<div class=\"wp-block-group is-vertical is-layout-flex wp-container-core-group-is-layout-f3a2fc10 wp-block-group-is-layout-flex\">\n<p class=\"has-custom-secondaire-color has-text-color has-link-color has-roboto-font-family wp-elements-9f94609c6f11664ecd02a305cd508b47\" style=\"font-style:normal;font-weight:700;text-transform:uppercase\">Ouvert<\/p>\n\n\n\n<p class=\"has-custom-primaire-color has-text-color has-link-color has-newsreader-font-family wp-elements-695a8401be6b116066b3701ebc915b95\" style=\"font-style:normal;font-weight:500\">Mardi au Jeudi<\/p>\n\n\n\n<p class=\"has-custom-primaire-color has-text-color has-link-color has-newsreader-font-family wp-elements-2ac7e6244eff8588ecdcf1fa5dc0768f\" style=\"font-style:normal;font-weight:500\">Vendredi<\/p>\n\n\n\n<p class=\"has-custom-primaire-color has-text-color has-link-color has-newsreader-font-family wp-elements-be98776d1e06fd791de8516445f1529c\" style=\"font-style:normal;font-weight:500\">Samedi<\/p>\n\n\n\n<p class=\"has-custom-primaire-color has-text-color has-link-color has-newsreader-font-family wp-elements-b717e9a9a0d43db245aa0f312bbd776b\" style=\"font-style:normal;font-weight:500\">Dimanche<\/p>\n<\/div>\n<\/div>\n\n\n\n<div class=\"wp-block-group has-global-padding is-layout-constrained wp-block-group-is-layout-constrained\" style=\"border-top-style:solid;border-right-color:#919191;border-bottom-style:solid;border-left-style:solid;min-height:30px;margin-top:0;margin-bottom:0\"><\/div>\n\n\n\n<div class=\"wp-block-group has-global-padding is-layout-constrained wp-block-group-is-layout-constrained\">\n<div class=\"wp-block-group is-vertical is-layout-flex wp-container-core-group-is-layout-f3a2fc10 wp-block-group-is-layout-flex\">\n<p class=\"has-custom-secondaire-color has-text-color has-link-color has-roboto-font-family wp-elements-52a2e819d4d0650556f98c1580b9d5b5\" style=\"font-style:normal;font-weight:700;text-transform:uppercase\">DE<\/p>\n\n\n\n<p class=\"has-custom-primaire-color has-text-color has-link-color has-newsreader-font-family wp-elements-ef1f95c785845c29d78f7ba883bf3959\" style=\"font-style:normal;font-weight:500\">12h00:13h15<\/p>\n\n\n\n<p class=\"has-custom-primaire-color has-text-color has-link-color has-newsreader-font-family wp-elements-b3590e46595d63a952dfee065b391f55\" style=\"font-style:normal;font-weight:500\">12h00:13h15 &#8211; 19h00:20h00<\/p>\n\n\n\n<p class=\"has-custom-primaire-color has-text-color has-link-color has-newsreader-font-family wp-elements-b3590e46595d63a952dfee065b391f55\" style=\"font-style:normal;font-weight:500\">12h00:13h15 &#8211; 19h00:20h00<\/p>\n\n\n\n<p class=\"has-custom-primaire-color has-text-color has-link-color has-newsreader-font-family wp-elements-154865dd1d3f5c3c4c664af8f7ce4ecb\" style=\"font-style:normal;font-weight:500\">12h00:13h30<\/p>\n<\/div>\n<\/div>\n<\/div>\n<\/div>\n\n\n\n<div style=\"margin-top:0;margin-bottom:0;height:0px\" aria-hidden=\"true\" class=\"wp-block-spacer wp-container-content-c009ca39\"><\/div>\n<\/div>\n\n\n\n<div class=\"wp-block-group alignfull has-background has-global-padding is-layout-constrained wp-container-core-group-is-layout-481dc8fc wp-block-group-is-layout-constrained\" style=\"background-color:#ffffff;margin-top:0;margin-bottom:0;padding-top:0;padding-right:0;padding-bottom:0;padding-left:0\">\n<div style=\"margin-right:0;margin-left:0;padding-top:0.01rem;padding-right:0;padding-bottom:0.01rem;padding-left:0;position:relative;bottom:5.06rem;z-index:9999\" class=\"wp-block-nopow-agency-float-group alignfull\">\n<div class=\"wp-block-columns is-layout-flex wp-container-core-columns-is-layout-1d0ccf39 wp-block-columns-is-layout-flex\" style=\"margin-top:0px;margin-bottom:0px;padding-top:0;padding-bottom:0\">\n<div class=\"wp-block-column responsive-padding-fix is-layout-flow wp-block-column-is-layout-flow\" style=\"padding-top:0;padding-right:var(--wp--preset--spacing--80);padding-bottom:0;padding-left:var(--wp--preset--spacing--80)\">\n<div class=\"wp-block-gutsliders-photo-carousel gutslider-a44f97d6 nav_outside nav_cc animated fadeInLeft\" data-swiper-options=\"{&quot;slidesPerView&quot;:1,&quot;spaceBetween&quot;:0,&quot;loop&quot;:true,&quot;autoplay&quot;:{&quot;delay&quot;:2000,&quot;pauseOnMouseEnter&quot;:true,&quot;stopOnLastSlide&quot;:false,&quot;reverseDirection&quot;:false},&quot;speed&quot;:800,&quot;effect&quot;:&quot;slide&quot;,&quot;keyboard&quot;:{&quot;enabled&quot;:false},&quot;mousewheel&quot;:false,&quot;breakpoints&quot;:{&quot;320&quot;:{&quot;slidesPerView&quot;:&quot;1&quot;,&quot;spaceBetween&quot;:0},&quot;768&quot;:{&quot;slidesPerView&quot;:&quot;1&quot;,&quot;spaceBetween&quot;:15},&quot;1025&quot;:{&quot;slidesPerView&quot;:&quot;1&quot;,&quot;spaceBetween&quot;:15}},&quot;navigation&quot;:false,&quot;pagination&quot;:false}\"><div class=\"swiper\"><div class=\"swiper-wrapper\"><div class=\"swiper-slide\"><div class=\"swiper-container-outer none\"><img decoding=\"async\" src=\"https:\/\/tandem-montcalm.com\/fr\/wp-content\/uploads\/sites\/2\/2025\/06\/image1-restaurant.jpg\" alt=\"\"\/><\/div><\/div><div class=\"swiper-slide\"><div class=\"swiper-container-outer none\"><img decoding=\"async\" src=\"https:\/\/tandem-montcalm.com\/fr\/wp-content\/uploads\/sites\/2\/2025\/06\/image3-accueil.jpg\" alt=\"\"\/><\/div><\/div><div class=\"swiper-slide\"><div class=\"swiper-container-outer none\"><img decoding=\"async\" src=\"https:\/\/tandem-montcalm.com\/fr\/wp-content\/uploads\/sites\/2\/2025\/06\/image4-accueil.jpg\" alt=\"\"\/><\/div><\/div><\/div><\/div><\/div>\n<\/div>\n\n\n\n<div class=\"wp-block-column is-vertically-aligned-center responsive-padding-fix is-layout-flow wp-container-core-column-is-layout-cd9b7693 wp-block-column-is-layout-flow\" style=\"padding-right:var(--wp--preset--spacing--70);padding-left:var(--wp--preset--spacing--70)\">\n<div class=\"wp-block-group animated fadeIn slower is-vertical is-content-justification-stretch is-layout-flex wp-container-core-group-is-layout-7c5e34a1 wp-block-group-is-layout-flex\" style=\"padding-top:var(--wp--preset--spacing--80);padding-right:0;padding-bottom:var(--wp--preset--spacing--80);padding-left:0\">\n<h3 class=\"wp-block-heading has-text-align-center has-custom-primaire-color has-text-color has-link-color wp-elements-838ba30933fb40edab3d024a821615a1\">Notre cheffe<\/h3>\n\n\n\n<div class=\"wp-block-group is-vertical is-content-justification-stretch is-layout-flex wp-container-core-group-is-layout-0f8db067 wp-block-group-is-layout-flex\" style=\"margin-top:0;margin-bottom:0\">\n<p class=\"has-text-align-center\">La cheffe Aline vous propose une cuisine simple, sinc\u00e8re et g\u00e9n\u00e9reuse, \u00e9labor\u00e9e chaque jour \u00e0 partir de produits locaux frais. L\u00e9g\u00e8rement relev\u00e9e d\u2019\u00e9pices choisies avec soin, sa cuisine est marqu\u00e9e par ses souvenirs d\u2019enfance pass\u00e9s dans une \u00e9picerie fine familiale.<\/p>\n\n\n\n<p class=\"has-text-align-center\">Form\u00e9e \u00e0 la p\u00e2tisserie aupr\u00e8s de Meilleurs Ouvriers de France, elle accorde une attention toute particuli\u00e8re aux desserts, qu\u2019elle aime \u00e0 la fois gourmands et accessibles.<\/p>\n<\/div>\n<\/div>\n<\/div>\n<\/div>\n<\/div>\n<\/div>\n\n\n\n<div class=\"wp-block-group alignfull has-custom-secondaire-background-color has-background has-global-padding is-layout-constrained wp-block-group-is-layout-constrained\" style=\"padding-top:0;padding-bottom:0\">\n<div class=\"wp-block-columns alignfull is-layout-flex wp-container-core-columns-is-layout-28f84493 wp-block-columns-is-layout-flex\">\n<div class=\"wp-block-column is-vertically-aligned-center has-global-padding is-layout-constrained wp-block-column-is-layout-constrained\">\n<div class=\"wp-block-group responsive-padding-fix animated fadeIn slower is-vertical is-content-justification-stretch is-layout-flex wp-container-core-group-is-layout-180dfdb6 wp-block-group-is-layout-flex\" style=\"padding-top:var(--wp--preset--spacing--80);padding-right:var(--wp--preset--spacing--80);padding-bottom:var(--wp--preset--spacing--80);padding-left:var(--wp--preset--spacing--80)\">\n<h3 class=\"wp-block-heading has-text-align-center has-custom-terciaire-color has-text-color has-link-color wp-elements-fd07a7583b9477d505b676101158b554\">Notre cave<\/h3>\n\n\n\n<div class=\"wp-block-group is-vertical is-layout-flex wp-container-core-group-is-layout-f3a2fc10 wp-block-group-is-layout-flex\">\n<p class=\"has-text-align-center has-custom-terciaire-color has-text-color has-link-color wp-elements-8a5ddda11967f62b35e3dfda0ca3bc9b\">Notre cave propose une s\u00e9lection de vins fran\u00e7ais choisis avec soin pour accompagner au mieux notre cuisine. Nous privil\u00e9gions des vins de caract\u00e8re, issus de domaines \u00e0 taille humaine, souvent en bio ou en conversion, et en accord avec la saison et les plats du moment.<\/p>\n\n\n\n<p class=\"has-text-align-center has-custom-terciaire-color has-text-color has-link-color wp-elements-17433437f4729bf0a5ba69cf4076501d\">Qu\u2019il s\u2019agisse d\u2019un rouge souple, d\u2019un blanc sec ou d\u2019un vin plus structur\u00e9, chaque bouteille est s\u00e9lectionn\u00e9e pour sa sinc\u00e9rit\u00e9, sans pr\u00e9tention, mais toujours avec l\u2019envie de faire plaisir.<\/p>\n\n\n\n<p class=\"has-text-align-center has-custom-terciaire-color has-text-color has-link-color wp-elements-02e0f11935b4dcb8edc4227da261ad4a\">Demandez conseil : nous serons ravis de vous guider selon vos envies ou votre repas.<\/p>\n<\/div>\n<\/div>\n<\/div>\n\n\n\n<div class=\"wp-block-column is-vertically-aligned-center is-layout-flow wp-block-column-is-layout-flow\">\n<div class=\"wp-block-group responsive-padding-fix has-global-padding is-layout-constrained wp-container-core-group-is-layout-260c30c9 wp-block-group-is-layout-constrained\" style=\"padding-top:var(--wp--preset--spacing--80);padding-right:var(--wp--preset--spacing--80);padding-bottom:var(--wp--preset--spacing--80);padding-left:var(--wp--preset--spacing--80)\">\n<div class=\"wp-block-gutsliders-photo-carousel gutslider-ca61caed nav_outside nav_cc animated fadeInRight\" data-swiper-options=\"{&quot;slidesPerView&quot;:1,&quot;spaceBetween&quot;:0,&quot;loop&quot;:true,&quot;autoplay&quot;:false,&quot;speed&quot;:800,&quot;effect&quot;:&quot;slide&quot;,&quot;keyboard&quot;:{&quot;enabled&quot;:false},&quot;mousewheel&quot;:false,&quot;breakpoints&quot;:{&quot;320&quot;:{&quot;slidesPerView&quot;:1,&quot;spaceBetween&quot;:0},&quot;768&quot;:{&quot;slidesPerView&quot;:2,&quot;spaceBetween&quot;:15},&quot;1025&quot;:{&quot;slidesPerView&quot;:&quot;1&quot;,&quot;spaceBetween&quot;:15}},&quot;navigation&quot;:false,&quot;pagination&quot;:false}\"><div class=\"swiper\"><div class=\"swiper-wrapper\"><div class=\"swiper-slide\"><div class=\"swiper-container-outer none\"><img decoding=\"async\" src=\"https:\/\/tandem-montcalm.com\/fr\/wp-content\/uploads\/sites\/2\/2025\/06\/image4-accueil-1.jpg\" alt=\"\"\/><\/div><\/div><\/div><\/div><\/div>\n<\/div>\n<\/div>\n<\/div>\n<\/div>\n\n\n\n<div class=\"wp-block-group alignfull has-global-padding is-layout-constrained wp-container-core-group-is-layout-7db9d80f wp-block-group-is-layout-constrained\" style=\"padding-right:0;padding-left:0\">\n<div class=\"wp-block-columns alignfull is-layout-flex wp-container-core-columns-is-layout-28f84493 wp-block-columns-is-layout-flex\">\n<div class=\"wp-block-column is-vertically-aligned-center is-layout-flow wp-block-column-is-layout-flow\">\n<div class=\"wp-block-group is-vertical is-content-justification-stretch is-layout-flex wp-container-core-group-is-layout-8204b013 wp-block-group-is-layout-flex\" style=\"padding-top:var(--wp--preset--spacing--80);padding-right:var(--wp--preset--spacing--80);padding-bottom:var(--wp--preset--spacing--80);padding-left:var(--wp--preset--spacing--80)\">\n<h3 class=\"wp-block-heading has-text-align-center has-custom-primaire-color has-text-color has-link-color wp-elements-f465bd9b20c9900f89105f6ffda9cbd8\">Pr\u00eat \u00e0 savourer<\/h3>\n\n\n\n<p class=\"has-text-align-center\">Nous sommes situ\u00e9s \u00e0 proximit\u00e9 d&rsquo;Andorre-la-Vielle au plein c\u0153ur du Parc naturel r\u00e9gional des Pyr\u00e9n\u00e9es Ari\u00e9geoises. Pour nous rejoindre et lancer un itin\u00e9raire vers notre restaurant cliquez ci-dessous; nous vous attendons avec impatience.<\/p>\n\n\n\n<div class=\"wp-block-buttons is-content-justification-center is-layout-flex wp-container-core-buttons-is-layout-a89b3969 wp-block-buttons-is-layout-flex\">\n<div class=\"wp-block-button\"><a class=\"wp-block-button__link wp-element-button\" href=\"https:\/\/www.google.com\/maps\/place\/tandem\/@42.7681216,1.4895248,15.04z\/data=!4m6!3m5!1s0x12af43f49a21b79f:0xe0b7320f36cfbb0c!8m2!3d42.7698977!4d1.4933543!16s%2Fg%2F11y5zwpv26?entry=ttu&amp;g_ep=EgoyMDI1MDcxNi4wIKXMDSoASAFQAw%3D%3D\" style=\"border-radius:0px;box-shadow:var(--wp--preset--shadow--natural)\" target=\"_blank\" rel=\"noreferrer noopener nofollow\">Itin\u00e9raire<\/a><\/div>\n<\/div>\n<\/div>\n<\/div>\n\n\n\n<div class=\"wp-block-column is-layout-flow wp-block-column-is-layout-flow\"><div class=\"kb-google-maps-container kb-google-maps-container54_5becdc-ef  wp-block-kadence-googlemaps\" data-mapid=\"54_5becdcef\"><iframe width=\"100%\" height=\"100%\"\n\t\t\t\t\t\t\tstyle=\"border:0\" loading=\"lazy\"\n\t\t\t\t\t\t\tsrc=\"https:\/\/www.google.com\/maps\/embed\/v1\/place?key=AIzaSyBAM2o7PiQqwk15LC1XRH2e_KJ-jUa7KYk&#038;zoom=8&#038;maptype=roadmap&#038;q=2+route+de+Montr%C3%A9al+de+Sos%2C+Vicdessos++09220+Val+de+Sos\"\n\t\t\t\t\t\t\ttitle=\"Carte Google de 2 route de Montr\u00e9al de Sos, Vicdessos  09220 Val de Sos\"><\/iframe><\/div><script>function kb_google_map54_5becdcef() { let center = { lat: 37.8201, lng: -122.4781}; let map = new google.maps.Map(document.getElementById(\"kb-google-map54_5becdcef\"), {\n\t\t\t\t\t    zoom: 8,\n\t\t\t\t\t    center: center,});let marker = new google.maps.Marker({   position: { lat: 37.8201, lng: -122.4781},    map: map,  });}<\/script><\/div>\n<\/div>\n<\/div>\n\n\n","protected":false},"excerpt":{"rendered":"<p>Le restaurant \u00c0 Val-de-Sos, notre restaurant vous accueille dans un cadre naturel apaisant, entre montagne et ruisseau, sur une terrasse ombrag\u00e9e par la vigne ou dans une salle chaleureuse anim\u00e9e par le feu de bois en hiver. Ici, la cuisine s\u2019ancre dans le terroir ari\u00e9geois, avec des produits frais, de saison, travaill\u00e9s chaque jour dans [&hellip;]<\/p>\n","protected":false},"author":1,"featured_media":0,"parent":0,"menu_order":0,"comment_status":"closed","ping_status":"closed","template":"","meta":{"_kad_blocks_custom_css":"","_kad_blocks_head_custom_js":"","_kad_blocks_body_custom_js":"","_kad_blocks_footer_custom_js":"","footnotes":""},"class_list":["post-54","page","type-page","status-publish","hentry"],"yoast_head":"<!-- This site is optimized with the Yoast SEO plugin v26.3 - https:\/\/yoast.com\/wordpress\/plugins\/seo\/ -->\n<title>Restaurant - Tandem-Montcalm<\/title>\n<meta name=\"robots\" content=\"index, follow, max-snippet:-1, max-image-preview:large, max-video-preview:-1\" \/>\n<link rel=\"canonical\" href=\"https:\/\/tandem-montcalm.com\/fr\/restaurant\/\" \/>\n<meta property=\"og:locale\" content=\"fr_FR\" \/>\n<meta property=\"og:type\" content=\"article\" \/>\n<meta property=\"og:title\" content=\"Restaurant - Tandem-Montcalm\" \/>\n<meta property=\"og:description\" content=\"Le restaurant \u00c0 Val-de-Sos, notre restaurant vous accueille dans un cadre naturel apaisant, entre montagne et ruisseau, sur une terrasse ombrag\u00e9e par la vigne ou dans une salle chaleureuse anim\u00e9e par le feu de bois en hiver. Ici, la cuisine s\u2019ancre dans le terroir ari\u00e9geois, avec des produits frais, de saison, travaill\u00e9s chaque jour dans [&hellip;]\" \/>\n<meta property=\"og:url\" content=\"https:\/\/tandem-montcalm.com\/fr\/restaurant\/\" \/>\n<meta property=\"og:site_name\" content=\"Tandem-Montcalm\" \/>\n<meta property=\"article:modified_time\" content=\"2025-11-07T11:11:39+00:00\" \/>\n<meta property=\"og:image\" content=\"https:\/\/tandem-montcalm.com\/fr\/wp-content\/uploads\/sites\/2\/2025\/06\/image1-restaurant.jpg\" \/>\n<meta name=\"twitter:card\" content=\"summary_large_image\" \/>\n<meta name=\"twitter:label1\" content=\"Dur\u00e9e de lecture estim\u00e9e\" \/>\n\t<meta name=\"twitter:data1\" content=\"2 minutes\" \/>\n<script type=\"application\/ld+json\" class=\"yoast-schema-graph\">{\"@context\":\"https:\/\/schema.org\",\"@graph\":[{\"@type\":\"WebPage\",\"@id\":\"https:\/\/tandem-montcalm.com\/fr\/restaurant\/\",\"url\":\"https:\/\/tandem-montcalm.com\/fr\/restaurant\/\",\"name\":\"Restaurant - Tandem-Montcalm\",\"isPartOf\":{\"@id\":\"https:\/\/tandem-montcalm.com\/fr\/#website\"},\"primaryImageOfPage\":{\"@id\":\"https:\/\/tandem-montcalm.com\/fr\/restaurant\/#primaryimage\"},\"image\":{\"@id\":\"https:\/\/tandem-montcalm.com\/fr\/restaurant\/#primaryimage\"},\"thumbnailUrl\":\"https:\/\/tandem-montcalm.com\/fr\/wp-content\/uploads\/sites\/2\/2025\/06\/image1-restaurant.jpg\",\"datePublished\":\"2025-05-28T15:26:21+00:00\",\"dateModified\":\"2025-11-07T11:11:39+00:00\",\"breadcrumb\":{\"@id\":\"https:\/\/tandem-montcalm.com\/fr\/restaurant\/#breadcrumb\"},\"inLanguage\":\"fr-FR\",\"potentialAction\":[{\"@type\":\"ReadAction\",\"target\":[\"https:\/\/tandem-montcalm.com\/fr\/restaurant\/\"]}]},{\"@type\":\"ImageObject\",\"inLanguage\":\"fr-FR\",\"@id\":\"https:\/\/tandem-montcalm.com\/fr\/restaurant\/#primaryimage\",\"url\":\"https:\/\/tandem-montcalm.com\/fr\/wp-content\/uploads\/sites\/2\/2025\/06\/image1-restaurant.jpg\",\"contentUrl\":\"https:\/\/tandem-montcalm.com\/fr\/wp-content\/uploads\/sites\/2\/2025\/06\/image1-restaurant.jpg\",\"width\":960,\"height\":1200},{\"@type\":\"BreadcrumbList\",\"@id\":\"https:\/\/tandem-montcalm.com\/fr\/restaurant\/#breadcrumb\",\"itemListElement\":[{\"@type\":\"ListItem\",\"position\":1,\"name\":\"Accueil\",\"item\":\"https:\/\/tandem-montcalm.com\/fr\/\"},{\"@type\":\"ListItem\",\"position\":2,\"name\":\"Restaurant\"}]},{\"@type\":\"WebSite\",\"@id\":\"https:\/\/tandem-montcalm.com\/fr\/#website\",\"url\":\"https:\/\/tandem-montcalm.com\/fr\/\",\"name\":\"Tandem-Montcalm\",\"description\":\"Tandem-Montcalm | H\u00f4tel &amp; Restaurant\",\"publisher\":{\"@id\":\"https:\/\/tandem-montcalm.com\/fr\/#organization\"},\"potentialAction\":[{\"@type\":\"SearchAction\",\"target\":{\"@type\":\"EntryPoint\",\"urlTemplate\":\"https:\/\/tandem-montcalm.com\/fr\/?s={search_term_string}\"},\"query-input\":{\"@type\":\"PropertyValueSpecification\",\"valueRequired\":true,\"valueName\":\"search_term_string\"}}],\"inLanguage\":\"fr-FR\"},{\"@type\":\"Organization\",\"@id\":\"https:\/\/tandem-montcalm.com\/fr\/#organization\",\"name\":\"Tandem-Montcalm\",\"url\":\"https:\/\/tandem-montcalm.com\/fr\/\",\"logo\":{\"@type\":\"ImageObject\",\"inLanguage\":\"fr-FR\",\"@id\":\"https:\/\/tandem-montcalm.com\/fr\/#\/schema\/logo\/image\/\",\"url\":\"https:\/\/tandem-montcalm.com\/fr\/wp-content\/uploads\/sites\/2\/2025\/05\/logo-tandem-blanc-sans-fond.png\",\"contentUrl\":\"https:\/\/tandem-montcalm.com\/fr\/wp-content\/uploads\/sites\/2\/2025\/05\/logo-tandem-blanc-sans-fond.png\",\"width\":650,\"height\":247,\"caption\":\"Tandem-Montcalm\"},\"image\":{\"@id\":\"https:\/\/tandem-montcalm.com\/fr\/#\/schema\/logo\/image\/\"}}]}<\/script>\n<!-- \/ Yoast SEO plugin. -->","yoast_head_json":{"title":"Restaurant - Tandem-Montcalm","robots":{"index":"index","follow":"follow","max-snippet":"max-snippet:-1","max-image-preview":"max-image-preview:large","max-video-preview":"max-video-preview:-1"},"canonical":"https:\/\/tandem-montcalm.com\/fr\/restaurant\/","og_locale":"fr_FR","og_type":"article","og_title":"Restaurant - Tandem-Montcalm","og_description":"Le restaurant \u00c0 Val-de-Sos, notre restaurant vous accueille dans un cadre naturel apaisant, entre montagne et ruisseau, sur une terrasse ombrag\u00e9e par la vigne ou dans une salle chaleureuse anim\u00e9e par le feu de bois en hiver. Ici, la cuisine s\u2019ancre dans le terroir ari\u00e9geois, avec des produits frais, de saison, travaill\u00e9s chaque jour dans [&hellip;]","og_url":"https:\/\/tandem-montcalm.com\/fr\/restaurant\/","og_site_name":"Tandem-Montcalm","article_modified_time":"2025-11-07T11:11:39+00:00","og_image":[{"url":"https:\/\/tandem-montcalm.com\/fr\/wp-content\/uploads\/sites\/2\/2025\/06\/image1-restaurant.jpg","type":"","width":"","height":""}],"twitter_card":"summary_large_image","twitter_misc":{"Dur\u00e9e de lecture estim\u00e9e":"2 minutes"},"schema":{"@context":"https:\/\/schema.org","@graph":[{"@type":"WebPage","@id":"https:\/\/tandem-montcalm.com\/fr\/restaurant\/","url":"https:\/\/tandem-montcalm.com\/fr\/restaurant\/","name":"Restaurant - Tandem-Montcalm","isPartOf":{"@id":"https:\/\/tandem-montcalm.com\/fr\/#website"},"primaryImageOfPage":{"@id":"https:\/\/tandem-montcalm.com\/fr\/restaurant\/#primaryimage"},"image":{"@id":"https:\/\/tandem-montcalm.com\/fr\/restaurant\/#primaryimage"},"thumbnailUrl":"https:\/\/tandem-montcalm.com\/fr\/wp-content\/uploads\/sites\/2\/2025\/06\/image1-restaurant.jpg","datePublished":"2025-05-28T15:26:21+00:00","dateModified":"2025-11-07T11:11:39+00:00","breadcrumb":{"@id":"https:\/\/tandem-montcalm.com\/fr\/restaurant\/#breadcrumb"},"inLanguage":"fr-FR","potentialAction":[{"@type":"ReadAction","target":["https:\/\/tandem-montcalm.com\/fr\/restaurant\/"]}]},{"@type":"ImageObject","inLanguage":"fr-FR","@id":"https:\/\/tandem-montcalm.com\/fr\/restaurant\/#primaryimage","url":"https:\/\/tandem-montcalm.com\/fr\/wp-content\/uploads\/sites\/2\/2025\/06\/image1-restaurant.jpg","contentUrl":"https:\/\/tandem-montcalm.com\/fr\/wp-content\/uploads\/sites\/2\/2025\/06\/image1-restaurant.jpg","width":960,"height":1200},{"@type":"BreadcrumbList","@id":"https:\/\/tandem-montcalm.com\/fr\/restaurant\/#breadcrumb","itemListElement":[{"@type":"ListItem","position":1,"name":"Accueil","item":"https:\/\/tandem-montcalm.com\/fr\/"},{"@type":"ListItem","position":2,"name":"Restaurant"}]},{"@type":"WebSite","@id":"https:\/\/tandem-montcalm.com\/fr\/#website","url":"https:\/\/tandem-montcalm.com\/fr\/","name":"Tandem-Montcalm","description":"Tandem-Montcalm | H\u00f4tel &amp; Restaurant","publisher":{"@id":"https:\/\/tandem-montcalm.com\/fr\/#organization"},"potentialAction":[{"@type":"SearchAction","target":{"@type":"EntryPoint","urlTemplate":"https:\/\/tandem-montcalm.com\/fr\/?s={search_term_string}"},"query-input":{"@type":"PropertyValueSpecification","valueRequired":true,"valueName":"search_term_string"}}],"inLanguage":"fr-FR"},{"@type":"Organization","@id":"https:\/\/tandem-montcalm.com\/fr\/#organization","name":"Tandem-Montcalm","url":"https:\/\/tandem-montcalm.com\/fr\/","logo":{"@type":"ImageObject","inLanguage":"fr-FR","@id":"https:\/\/tandem-montcalm.com\/fr\/#\/schema\/logo\/image\/","url":"https:\/\/tandem-montcalm.com\/fr\/wp-content\/uploads\/sites\/2\/2025\/05\/logo-tandem-blanc-sans-fond.png","contentUrl":"https:\/\/tandem-montcalm.com\/fr\/wp-content\/uploads\/sites\/2\/2025\/05\/logo-tandem-blanc-sans-fond.png","width":650,"height":247,"caption":"Tandem-Montcalm"},"image":{"@id":"https:\/\/tandem-montcalm.com\/fr\/#\/schema\/logo\/image\/"}}]}},"taxonomy_info":[],"featured_image_src_large":false,"author_info":{"display_name":"root","author_link":"https:\/\/tandem-montcalm.com\/fr\/author\/root\/"},"comment_info":0,"_links":{"self":[{"href":"https:\/\/tandem-montcalm.com\/fr\/wp-json\/wp\/v2\/pages\/54","targetHints":{"allow":["GET"]}}],"collection":[{"href":"https:\/\/tandem-montcalm.com\/fr\/wp-json\/wp\/v2\/pages"}],"about":[{"href":"https:\/\/tandem-montcalm.com\/fr\/wp-json\/wp\/v2\/types\/page"}],"author":[{"embeddable":true,"href":"https:\/\/tandem-montcalm.com\/fr\/wp-json\/wp\/v2\/users\/1"}],"replies":[{"embeddable":true,"href":"https:\/\/tandem-montcalm.com\/fr\/wp-json\/wp\/v2\/comments?post=54"}],"version-history":[{"count":81,"href":"https:\/\/tandem-montcalm.com\/fr\/wp-json\/wp\/v2\/pages\/54\/revisions"}],"predecessor-version":[{"id":804,"href":"https:\/\/tandem-montcalm.com\/fr\/wp-json\/wp\/v2\/pages\/54\/revisions\/804"}],"wp:attachment":[{"href":"https:\/\/tandem-montcalm.com\/fr\/wp-json\/wp\/v2\/media?parent=54"}],"curies":[{"name":"wp","href":"https:\/\/api.w.org\/{rel}","templated":true}]}}